{"id":45,"date":"2016-03-31T14:08:39","date_gmt":"2016-03-31T14:08:39","guid":{"rendered":"http:\/\/flatsome.dev\/?page_id=6999"},"modified":"2023-03-20T15:39:29","modified_gmt":"2023-03-20T15:39:29","slug":"360lab","status":"publish","type":"page","link":"https:\/\/dt360.group\/software-factory\/en\/contacto\/360lab\/","title":{"rendered":"360lab"},"content":{"rendered":"<div class=\"slider-wrapper relative\" id=\"slider-72665104\" style=\"background-color:rgb(255, 255, 255);\">\n    <div class=\"slider slider-nav-circle slider-nav-large slider-nav-light slider-style-normal\"\n        data-flickity-options='{            \"cellAlign\": \"center\",            \"imagesLoaded\": true,            \"lazyLoad\": 1,            \"freeScroll\": false,            \"wrapAround\": false,            \"autoPlay\": false,            \"pauseAutoPlayOnHover\" : false,            \"prevNextButtons\": false,            \"contain\" : true,            \"adaptiveHeight\" : true,            \"dragThreshold\" : 10,            \"percentPosition\": true,            \"pageDots\": false,            \"rightToLeft\": false,            \"draggable\": false,            \"selectedAttraction\": 0.1,            \"parallax\" : 0,            \"friction\": 0.6        }'\n        >\n        \n\n  <div class=\"banner has-hover\" id=\"banner-1398709211\">\n          <div class=\"banner-inner fill\">\n        <div class=\"banner-bg fill\" >\n            <div class=\"bg fill bg-fill\"><\/div>\n                        <div class=\"overlay\"><\/div>            \n                    <\/div>\n\t\t\n        <div class=\"banner-layers container\">\n            <div class=\"fill banner-link\"><\/div>            \n   <div id=\"text-box-707051316\" class=\"text-box banner-layer x50 md-x50 lg-x50 y50 md-y50 lg-y50 res-text\">\n                                <div class=\"text-box-content text dark\">\n              \n              <div class=\"text-inner text-center\">\n                  \n\t<div class=\"img has-hover x md-x lg-x y md-y lg-y\" id=\"image_400381786\">\n\t\t\t\t\t\t\t\t<div class=\"img-inner dark\" >\n\t\t\t<img loading=\"lazy\" decoding=\"async\" width=\"988\" height=\"466\" src=\"https:\/\/dt360.group\/software-factory\/wp-content\/uploads\/2023\/03\/Logo_dt3602.png\" class=\"attachment-large size-large\" alt=\"\" srcset=\"https:\/\/dt360.group\/software-factory\/wp-content\/uploads\/2023\/03\/Logo_dt3602.png 988w, https:\/\/dt360.group\/software-factory\/wp-content\/uploads\/2023\/03\/Logo_dt3602-800x377.png 800w, https:\/\/dt360.group\/software-factory\/wp-content\/uploads\/2023\/03\/Logo_dt3602-768x362.png 768w, https:\/\/dt360.group\/software-factory\/wp-content\/uploads\/2023\/03\/Logo_dt3602-18x8.png 18w\" sizes=\"auto, (max-width: 988px) 100vw, 988px\" \/>\t\t\t\t\t\t\n\t\t\t\t\t<\/div>\n\t\t\t\t\t\t\t\t\n<style>\n#image_400381786 {\n  width: 80%;\n}\n<\/style>\n\t<\/div>\n\t\n\t<div id=\"text-1760644488\" class=\"text\">\n\t\t\n<p><span style=\"font-size: 150%;\"><strong>Un Espacio para Innovar<\/strong><\/span><\/p>\n<p><span style=\"font-size: 130%;\">Expertos en gesti\u00f3n y desarrollo tecnol\u00f3gico<\/span><\/p>\n\t\t\n<style>\n#text-1760644488 {\n  line-height: 0.95;\n}\n<\/style>\n\t<\/div>\n\t\n              <\/div>\n           <\/div>\n                            \n<style>\n#text-box-707051316 {\n  width: 73%;\n}\n#text-box-707051316 .text-box-content {\n  font-size: 100%;\n}\n@media (min-width:550px) {\n  #text-box-707051316 {\n    width: 39%;\n  }\n}\n<\/style>\n    <\/div>\n \n        <\/div>\n      <\/div>\n\n            \n<style>\n#banner-1398709211 {\n  padding-top: 500px;\n}\n#banner-1398709211 .bg.bg-loaded {\n  background-image: url(https:\/\/dt360.group\/software-factory\/wp-content\/uploads\/2022\/05\/360lab.png);\n}\n#banner-1398709211 .overlay {\n  background-color: rgba(0, 0, 0, 0.581);\n}\n#banner-1398709211 .ux-shape-divider--top svg {\n  height: 150px;\n  --divider-top-width: 100%;\n}\n#banner-1398709211 .ux-shape-divider--bottom svg {\n  height: 150px;\n  --divider-width: 100%;\n}\n@media (min-width:550px) {\n  #banner-1398709211 {\n    padding-top: 600px;\n  }\n}\n<\/style>\n  <\/div>\n\n\n     <\/div>\n\n     <div class=\"loading-spin dark large centered\"><\/div>\n\n     \t<\/div>\n\n\n<div class=\"slider-wrapper relative\" id=\"slider-1601684412\" >\n    <div class=\"slider slider-nav-circle slider-nav-large slider-nav-light slider-style-normal\"\n        data-flickity-options='{            \"cellAlign\": \"center\",            \"imagesLoaded\": true,            \"lazyLoad\": 1,            \"freeScroll\": false,            \"wrapAround\": false,            \"autoPlay\": false,            \"pauseAutoPlayOnHover\" : false,            \"prevNextButtons\": false,            \"contain\" : true,            \"adaptiveHeight\" : true,            \"dragThreshold\" : 10,            \"percentPosition\": true,            \"pageDots\": false,            \"rightToLeft\": false,            \"draggable\": false,            \"selectedAttraction\": 0.1,            \"parallax\" : 0,            \"friction\": 0.6        }'\n        >\n        \n\n  <div class=\"banner has-hover\" id=\"banner-423013625\">\n          <div class=\"banner-inner fill\">\n        <div class=\"banner-bg fill\" >\n            <div class=\"bg fill bg-fill\"><\/div>\n                                    \n                    <\/div>\n\t\t\n        <div class=\"banner-layers container\">\n            <div class=\"fill banner-link\"><\/div>            \n   <div id=\"text-box-762750971\" class=\"text-box banner-layer x50 md-x95 lg-x95 y5 md-y50 lg-y50 res-text\">\n                                <div class=\"text-box-content text dark\">\n              \n              <div class=\"text-inner text-center\">\n                  \n\t<div id=\"text-2802765706\" class=\"text\">\n\t\t\n<p style=\"text-align: center;\"><strong><span style=\"font-size: 130%;\">Generamos cualquier proyecto a la medida de lo que necesites<\/span><br \/><\/strong><\/p>\n<p style=\"text-align: center;\"><span style=\"font-size: 90%;\">Los proyectos de desarrollo inform\u00e1tico y de operaciones los realizamos en base a las necesidades de cara al cliente, enfocados en generar soluciones din\u00e1micas ante los requerimientos de cada situaci\u00f3n y problema.<\/span><\/p>\n\t\t\n<style>\n#text-2802765706 {\n  font-size: 1rem;\n  text-align: center;\n}\n<\/style>\n\t<\/div>\n\t\n              <\/div>\n           <\/div>\n                            \n<style>\n#text-box-762750971 {\n  width: 90%;\n}\n#text-box-762750971 .text-box-content {\n  font-size: 100%;\n}\n@media (min-width:550px) {\n  #text-box-762750971 {\n    width: 44%;\n  }\n}\n<\/style>\n    <\/div>\n \n   <div id=\"text-box-1901061491\" class=\"text-box banner-layer x50 md-x0 lg-x0 y85 md-y25 lg-y25 res-text\">\n                                <div class=\"text-box-content text dark\">\n              \n              <div class=\"text-inner text-center\">\n                  \n\t<div class=\"img has-hover x md-x lg-x y md-y lg-y\" id=\"image_115386620\">\n\t\t\t\t\t\t\t\t<div class=\"img-inner dark\" >\n\t\t\t<img loading=\"lazy\" decoding=\"async\" width=\"349\" height=\"228\" src=\"https:\/\/dt360.group\/software-factory\/wp-content\/uploads\/2022\/05\/image-3-e1656942758355.png\" class=\"attachment-large size-large\" alt=\"\" \/>\t\t\t\t\t\t\n\t\t\t\t\t<\/div>\n\t\t\t\t\t\t\t\t\n<style>\n#image_115386620 {\n  width: 70%;\n}\n@media (min-width:550px) {\n  #image_115386620 {\n    width: 64%;\n  }\n}\n<\/style>\n\t<\/div>\n\t\n              <\/div>\n           <\/div>\n                            \n<style>\n#text-box-1901061491 {\n  width: 85%;\n}\n#text-box-1901061491 .text-box-content {\n  font-size: 100%;\n}\n@media (min-width:550px) {\n  #text-box-1901061491 {\n    width: 59%;\n  }\n}\n<\/style>\n    <\/div>\n \n        <\/div>\n      <\/div>\n\n            \n<style>\n#banner-423013625 {\n  padding-top: 600px;\n}\n#banner-423013625 .ux-shape-divider--top svg {\n  height: 150px;\n  --divider-top-width: 100%;\n}\n#banner-423013625 .ux-shape-divider--bottom svg {\n  height: 150px;\n  --divider-width: 100%;\n}\n@media (min-width:550px) {\n  #banner-423013625 {\n    padding-top: 444px;\n  }\n}\n<\/style>\n  <\/div>\n\n\n     <\/div>\n\n     <div class=\"loading-spin dark large centered\"><\/div>\n\n     \t<\/div>\n\n\n<div class=\"slider-wrapper relative\" id=\"slider-563635815\" >\n    <div class=\"slider slider-nav-circle slider-nav-large slider-nav-light slider-style-normal\"\n        data-flickity-options='{            \"cellAlign\": \"center\",            \"imagesLoaded\": true,            \"lazyLoad\": 1,            \"freeScroll\": false,            \"wrapAround\": false,            \"autoPlay\": false,            \"pauseAutoPlayOnHover\" : false,            \"prevNextButtons\": false,            \"contain\" : true,            \"adaptiveHeight\" : true,            \"dragThreshold\" : 10,            \"percentPosition\": true,            \"pageDots\": false,            \"rightToLeft\": false,            \"draggable\": false,            \"selectedAttraction\": 0.1,            \"parallax\" : 0,            \"friction\": 0.6        }'\n        >\n        \n\n  <div class=\"banner has-hover\" id=\"banner-1796997481\">\n          <div class=\"banner-inner fill\">\n        <div class=\"banner-bg fill\" >\n            <div class=\"bg fill bg-fill\"><\/div>\n                                    \n                    <\/div>\n\t\t\n        <div class=\"banner-layers container\">\n            <div class=\"fill banner-link\"><\/div>            \n   <div id=\"text-box-2097500185\" class=\"text-box banner-layer x100 md-x95 lg-x95 y90 md-y95 lg-y95 res-text\">\n                                <div class=\"text-box-content text dark\">\n              \n              <div class=\"text-inner text-center\">\n                  \n\t<div class=\"img has-hover x md-x lg-x y md-y lg-y\" id=\"image_459705790\">\n\t\t\t\t\t\t\t\t<div class=\"img-inner dark\" >\n\t\t\t<img loading=\"lazy\" decoding=\"async\" width=\"403\" height=\"735\" src=\"https:\/\/dt360.group\/software-factory\/wp-content\/uploads\/2022\/05\/image-1-1.png\" class=\"attachment-large size-large\" alt=\"\" srcset=\"https:\/\/dt360.group\/software-factory\/wp-content\/uploads\/2022\/05\/image-1-1.png 403w, https:\/\/dt360.group\/software-factory\/wp-content\/uploads\/2022\/05\/image-1-1-219x400.png 219w\" sizes=\"auto, (max-width: 403px) 100vw, 403px\" \/>\t\t\t\t\t\t\n\t\t\t\t\t<\/div>\n\t\t\t\t\t\t\t\t\n<style>\n#image_459705790 {\n  width: 80%;\n}\n@media (min-width:550px) {\n  #image_459705790 {\n    width: 69%;\n  }\n}\n<\/style>\n\t<\/div>\n\t\n              <\/div>\n           <\/div>\n                            \n<style>\n#text-box-2097500185 {\n  width: 45%;\n}\n#text-box-2097500185 .text-box-content {\n  font-size: 100%;\n}\n<\/style>\n    <\/div>\n \n   <div id=\"text-box-343386241\" class=\"text-box banner-layer x50 md-x0 lg-x0 y5 md-y15 lg-y15 res-text\">\n                                <div class=\"text-box-content text dark\">\n              \n              <div class=\"text-inner text-center\">\n                  \n\t<div id=\"text-3217739487\" class=\"text\">\n\t\t\n<p><span style=\"font-size: 130%;\"><strong><span style=\"color: #000000;\">Tenemos la infraestructura enfocada para la creaci\u00f3n y mejora continua<\/span><\/strong><\/span><\/p>\n<p><span style=\"color: #000000;\"><span style=\"font-size: 90%;\">Podemos optimizar los procesos de cualquier tipo de operaci\u00f3n, apoyamos el funcionamiento operativo de las empresas que trabajan con nosotros y nos adaptamos a cualquier requerimiento, todo es posible gracias al espacio de innovaci\u00f3n en el que nos encontramos y donde ejercemos la cultura innovadora que nos identifica.<\/span><br \/><\/span><\/p>\n\t\t\n<style>\n#text-3217739487 {\n  font-size: 1rem;\n  text-align: center;\n}\n@media (min-width:550px) {\n  #text-3217739487 {\n    text-align: left;\n  }\n}\n<\/style>\n\t<\/div>\n\t\n              <\/div>\n           <\/div>\n                            \n<style>\n#text-box-343386241 {\n  width: 100%;\n}\n#text-box-343386241 .text-box-content {\n  font-size: 100%;\n}\n@media (min-width:550px) {\n  #text-box-343386241 {\n    width: 46%;\n  }\n}\n<\/style>\n    <\/div>\n \n   <div id=\"text-box-1477539354\" class=\"text-box banner-layer x5 md-x5 lg-x5 y85 md-y95 lg-y95 res-text\">\n                                <div class=\"text-box-content text dark\">\n              \n              <div class=\"text-inner text-left\">\n                  \n\t<div class=\"img has-hover x md-x lg-x y md-y lg-y\" id=\"image_1236420063\">\n\t\t\t\t\t\t\t\t<div class=\"img-inner dark\" >\n\t\t\t<img loading=\"lazy\" decoding=\"async\" width=\"368\" height=\"301\" src=\"https:\/\/dt360.group\/software-factory\/wp-content\/uploads\/2022\/05\/image-3-3.png\" class=\"attachment-large size-large\" alt=\"\" \/>\t\t\t\t\t\t\n\t\t\t\t\t<\/div>\n\t\t\t\t\t\t\t\t\n<style>\n#image_1236420063 {\n  width: 89%;\n}\n@media (min-width:550px) {\n  #image_1236420063 {\n    width: 64%;\n  }\n}\n<\/style>\n\t<\/div>\n\t\n              <\/div>\n           <\/div>\n                            \n<style>\n#text-box-1477539354 {\n  width: 54%;\n}\n#text-box-1477539354 .text-box-content {\n  font-size: 100%;\n}\n<\/style>\n    <\/div>\n \n        <\/div>\n      <\/div>\n\n            \n<style>\n#banner-1796997481 {\n  padding-top: 700px;\n  background-color: rgb(255, 255, 255);\n}\n#banner-1796997481 .ux-shape-divider--top svg {\n  height: 150px;\n  --divider-top-width: 100%;\n}\n#banner-1796997481 .ux-shape-divider--bottom svg {\n  height: 150px;\n  --divider-width: 100%;\n}\n@media (min-width:550px) {\n  #banner-1796997481 {\n    padding-top: 800px;\n  }\n}\n<\/style>\n  <\/div>\n\n\n     <\/div>\n\n     <div class=\"loading-spin dark large centered\"><\/div>\n\n     \t<\/div>\n\n\n<div class=\"slider-wrapper relative\" id=\"slider-158365578\" >\n    <div class=\"slider slider-nav-circle slider-nav-large slider-nav-light slider-style-normal\"\n        data-flickity-options='{            \"cellAlign\": \"center\",            \"imagesLoaded\": true,            \"lazyLoad\": 1,            \"freeScroll\": false,            \"wrapAround\": false,            \"autoPlay\": false,            \"pauseAutoPlayOnHover\" : false,            \"prevNextButtons\": true,            \"contain\" : true,            \"adaptiveHeight\" : true,            \"dragThreshold\" : 10,            \"percentPosition\": true,            \"pageDots\": true,            \"rightToLeft\": false,            \"draggable\": false,            \"selectedAttraction\": 0.1,            \"parallax\" : 0,            \"friction\": 0.6        }'\n        >\n        \n\n  <div class=\"banner has-hover\" id=\"banner-1539546599\">\n          <div class=\"banner-inner fill\">\n        <div class=\"banner-bg fill\" >\n            <div class=\"bg fill bg-fill\"><\/div>\n                                    \n                    <\/div>\n\t\t\n        <div class=\"banner-layers container\">\n            <div class=\"fill banner-link\"><\/div>            \n   <div id=\"text-box-451375804\" class=\"text-box banner-layer x50 md-x100 lg-x100 y5 md-y10 lg-y10 res-text\">\n                                <div class=\"text-box-content text dark\">\n              \n              <div class=\"text-inner text-center\">\n                  \n\t<div id=\"text-2389073962\" class=\"text\">\n\t\t\n<p style=\"text-align: center;\"><span style=\"font-size: 130%;\"><strong><span style=\"color: #000000;\">La tecnolog\u00eda en tus manos<\/span><\/strong><\/span><\/p>\n<p style=\"text-align: center;\"><span style=\"color: #000000;\"><span style=\"font-size: 90%;\">Todos nuestros proyectos tienen el objetivo de ofrecer soluciones a nuestros clientes, otorgando la posibilidad de administrar todos nuestros desarrollos inform\u00e1ticos en la palma de tu mano, logrando as\u00ed la integraci\u00f3n de la programaci\u00f3n con el uso y administraci\u00f3n diaria por parte de los usuarios.<\/span><br \/><\/span><\/p>\n\t\t\n<style>\n#text-2389073962 {\n  font-size: 1rem;\n}\n<\/style>\n\t<\/div>\n\t\n              <\/div>\n           <\/div>\n                            \n<style>\n#text-box-451375804 {\n  width: 90%;\n}\n#text-box-451375804 .text-box-content {\n  font-size: 100%;\n}\n@media (min-width:550px) {\n  #text-box-451375804 {\n    width: 46%;\n  }\n}\n<\/style>\n    <\/div>\n \n   <div id=\"text-box-324752626\" class=\"text-box banner-layer x50 md-x5 lg-x5 y90 md-y5 lg-y5 res-text\">\n                                <div class=\"text-box-content text dark\">\n              \n              <div class=\"text-inner text-left\">\n                  \n\t<div class=\"img has-hover x md-x lg-x y md-y lg-y\" id=\"image_2083250976\">\n\t\t\t\t\t\t\t\t<div class=\"img-inner dark\" >\n\t\t\t<img loading=\"lazy\" decoding=\"async\" width=\"368\" height=\"301\" src=\"https:\/\/dt360.group\/software-factory\/wp-content\/uploads\/2022\/05\/image-4-3.png\" class=\"attachment-large size-large\" alt=\"\" \/>\t\t\t\t\t\t\n\t\t\t\t\t<\/div>\n\t\t\t\t\t\t\t\t\n<style>\n#image_2083250976 {\n  width: 100%;\n}\n@media (min-width:550px) {\n  #image_2083250976 {\n    width: 82%;\n  }\n}\n<\/style>\n\t<\/div>\n\t\n              <\/div>\n           <\/div>\n                            \n<style>\n#text-box-324752626 {\n  width: 38%;\n}\n#text-box-324752626 .text-box-content {\n  font-size: 100%;\n}\n@media (min-width:550px) {\n  #text-box-324752626 {\n    width: 42%;\n  }\n}\n<\/style>\n    <\/div>\n \n        <\/div>\n      <\/div>\n\n            \n<style>\n#banner-1539546599 {\n  padding-top: 500px;\n  background-color: rgb(255, 255, 255);\n}\n#banner-1539546599 .ux-shape-divider--top svg {\n  height: 150px;\n  --divider-top-width: 100%;\n}\n#banner-1539546599 .ux-shape-divider--bottom svg {\n  height: 150px;\n  --divider-width: 100%;\n}\n@media (min-width:550px) {\n  #banner-1539546599 {\n    padding-top: 464px;\n  }\n}\n<\/style>\n  <\/div>\n\n\n     <\/div>\n\n     <div class=\"loading-spin dark large centered\"><\/div>\n\n     \t<\/div>","protected":false},"excerpt":{"rendered":"","protected":false},"author":1,"featured_media":10,"parent":95,"menu_order":18,"comment_status":"closed","ping_status":"closed","template":"page-blank.php","meta":{"footnotes":""},"class_list":["post-45","page","type-page","status-publish","has-post-thumbnail","hentry"],"yoast_head":"<!-- This site is optimized with the Yoast SEO plugin v27.6 - https:\/\/yoast.com\/product\/yoast-seo-wordpress\/ -->\n<title>360lab - Software Factory<\/title>\n<meta name=\"robots\" content=\"index, follow, max-snippet:-1, max-image-preview:large, max-video-preview:-1\" \/>\n<link rel=\"canonical\" href=\"https:\/\/dt360.group\/software-factory\/en\/contacto\/360lab\/\" \/>\n<meta property=\"og:locale\" content=\"en_US\" \/>\n<meta property=\"og:type\" content=\"article\" \/>\n<meta property=\"og:title\" content=\"360lab - Software Factory\" \/>\n<meta property=\"og:url\" content=\"https:\/\/dt360.group\/software-factory\/en\/contacto\/360lab\/\" \/>\n<meta property=\"og:site_name\" content=\"Software Factory\" \/>\n<meta property=\"article:modified_time\" content=\"2023-03-20T15:39:29+00:00\" \/>\n<meta property=\"og:image\" content=\"https:\/\/dt360.group\/software-factory\/wp-content\/uploads\/2016\/08\/dummy-1.jpg\" \/>\n\t<meta property=\"og:image:width\" content=\"400\" \/>\n\t<meta property=\"og:image:height\" content=\"260\" \/>\n\t<meta property=\"og:image:type\" content=\"image\/jpeg\" \/>\n<meta name=\"twitter:card\" content=\"summary_large_image\" \/>\n<meta name=\"twitter:label1\" content=\"Est. reading time\" \/>\n\t<meta name=\"twitter:data1\" content=\"2 minutes\" \/>\n<script type=\"application\/ld+json\" class=\"yoast-schema-graph\">{\"@context\":\"https:\\\/\\\/schema.org\",\"@graph\":[{\"@type\":\"WebPage\",\"@id\":\"https:\\\/\\\/dt360.group\\\/software-factory\\\/contacto\\\/360lab\\\/\",\"url\":\"https:\\\/\\\/dt360.group\\\/software-factory\\\/contacto\\\/360lab\\\/\",\"name\":\"360lab - Software Factory\",\"isPartOf\":{\"@id\":\"https:\\\/\\\/dt360.group\\\/software-factory\\\/#website\"},\"primaryImageOfPage\":{\"@id\":\"https:\\\/\\\/dt360.group\\\/software-factory\\\/contacto\\\/360lab\\\/#primaryimage\"},\"image\":{\"@id\":\"https:\\\/\\\/dt360.group\\\/software-factory\\\/contacto\\\/360lab\\\/#primaryimage\"},\"thumbnailUrl\":\"https:\\\/\\\/dt360.group\\\/software-factory\\\/wp-content\\\/uploads\\\/2016\\\/08\\\/dummy-1.jpg\",\"datePublished\":\"2016-03-31T14:08:39+00:00\",\"dateModified\":\"2023-03-20T15:39:29+00:00\",\"breadcrumb\":{\"@id\":\"https:\\\/\\\/dt360.group\\\/software-factory\\\/contacto\\\/360lab\\\/#breadcrumb\"},\"inLanguage\":\"en-US\",\"potentialAction\":[{\"@type\":\"ReadAction\",\"target\":[\"https:\\\/\\\/dt360.group\\\/software-factory\\\/contacto\\\/360lab\\\/\"]}]},{\"@type\":\"ImageObject\",\"inLanguage\":\"en-US\",\"@id\":\"https:\\\/\\\/dt360.group\\\/software-factory\\\/contacto\\\/360lab\\\/#primaryimage\",\"url\":\"https:\\\/\\\/dt360.group\\\/software-factory\\\/wp-content\\\/uploads\\\/2016\\\/08\\\/dummy-1.jpg\",\"contentUrl\":\"https:\\\/\\\/dt360.group\\\/software-factory\\\/wp-content\\\/uploads\\\/2016\\\/08\\\/dummy-1.jpg\",\"width\":400,\"height\":260},{\"@type\":\"BreadcrumbList\",\"@id\":\"https:\\\/\\\/dt360.group\\\/software-factory\\\/contacto\\\/360lab\\\/#breadcrumb\",\"itemListElement\":[{\"@type\":\"ListItem\",\"position\":1,\"name\":\"Contacto\",\"item\":\"https:\\\/\\\/dt360.group\\\/software-factory\\\/contacto\\\/\"},{\"@type\":\"ListItem\",\"position\":2,\"name\":\"360lab\"}]},{\"@type\":\"WebSite\",\"@id\":\"https:\\\/\\\/dt360.group\\\/software-factory\\\/#website\",\"url\":\"https:\\\/\\\/dt360.group\\\/software-factory\\\/\",\"name\":\"Software Factory\",\"description\":\"Software Factory\",\"potentialAction\":[{\"@type\":\"SearchAction\",\"target\":{\"@type\":\"EntryPoint\",\"urlTemplate\":\"https:\\\/\\\/dt360.group\\\/software-factory\\\/?s={search_term_string}\"},\"query-input\":{\"@type\":\"PropertyValueSpecification\",\"valueRequired\":true,\"valueName\":\"search_term_string\"}}],\"inLanguage\":\"en-US\"}]}<\/script>\n<!-- \/ Yoast SEO plugin. -->","yoast_head_json":{"title":"360lab - Software Factory","robots":{"index":"index","follow":"follow","max-snippet":"max-snippet:-1","max-image-preview":"max-image-preview:large","max-video-preview":"max-video-preview:-1"},"canonical":"https:\/\/dt360.group\/software-factory\/en\/contacto\/360lab\/","og_locale":"en_US","og_type":"article","og_title":"360lab - Software Factory","og_url":"https:\/\/dt360.group\/software-factory\/en\/contacto\/360lab\/","og_site_name":"Software Factory","article_modified_time":"2023-03-20T15:39:29+00:00","og_image":[{"width":400,"height":260,"url":"https:\/\/dt360.group\/software-factory\/wp-content\/uploads\/2016\/08\/dummy-1.jpg","type":"image\/jpeg"}],"twitter_card":"summary_large_image","twitter_misc":{"Est. reading time":"2 minutes"},"schema":{"@context":"https:\/\/schema.org","@graph":[{"@type":"WebPage","@id":"https:\/\/dt360.group\/software-factory\/contacto\/360lab\/","url":"https:\/\/dt360.group\/software-factory\/contacto\/360lab\/","name":"360lab - Software Factory","isPartOf":{"@id":"https:\/\/dt360.group\/software-factory\/#website"},"primaryImageOfPage":{"@id":"https:\/\/dt360.group\/software-factory\/contacto\/360lab\/#primaryimage"},"image":{"@id":"https:\/\/dt360.group\/software-factory\/contacto\/360lab\/#primaryimage"},"thumbnailUrl":"https:\/\/dt360.group\/software-factory\/wp-content\/uploads\/2016\/08\/dummy-1.jpg","datePublished":"2016-03-31T14:08:39+00:00","dateModified":"2023-03-20T15:39:29+00:00","breadcrumb":{"@id":"https:\/\/dt360.group\/software-factory\/contacto\/360lab\/#breadcrumb"},"inLanguage":"en-US","potentialAction":[{"@type":"ReadAction","target":["https:\/\/dt360.group\/software-factory\/contacto\/360lab\/"]}]},{"@type":"ImageObject","inLanguage":"en-US","@id":"https:\/\/dt360.group\/software-factory\/contacto\/360lab\/#primaryimage","url":"https:\/\/dt360.group\/software-factory\/wp-content\/uploads\/2016\/08\/dummy-1.jpg","contentUrl":"https:\/\/dt360.group\/software-factory\/wp-content\/uploads\/2016\/08\/dummy-1.jpg","width":400,"height":260},{"@type":"BreadcrumbList","@id":"https:\/\/dt360.group\/software-factory\/contacto\/360lab\/#breadcrumb","itemListElement":[{"@type":"ListItem","position":1,"name":"Contacto","item":"https:\/\/dt360.group\/software-factory\/contacto\/"},{"@type":"ListItem","position":2,"name":"360lab"}]},{"@type":"WebSite","@id":"https:\/\/dt360.group\/software-factory\/#website","url":"https:\/\/dt360.group\/software-factory\/","name":"Software Factory","description":"Software Factory","potentialAction":[{"@type":"SearchAction","target":{"@type":"EntryPoint","urlTemplate":"https:\/\/dt360.group\/software-factory\/?s={search_term_string}"},"query-input":{"@type":"PropertyValueSpecification","valueRequired":true,"valueName":"search_term_string"}}],"inLanguage":"en-US"}]}},"_links":{"self":[{"href":"https:\/\/dt360.group\/software-factory\/en\/wp-json\/wp\/v2\/pages\/45","targetHints":{"allow":["GET"]}}],"collection":[{"href":"https:\/\/dt360.group\/software-factory\/en\/wp-json\/wp\/v2\/pages"}],"about":[{"href":"https:\/\/dt360.group\/software-factory\/en\/wp-json\/wp\/v2\/types\/page"}],"author":[{"embeddable":true,"href":"https:\/\/dt360.group\/software-factory\/en\/wp-json\/wp\/v2\/users\/1"}],"replies":[{"embeddable":true,"href":"https:\/\/dt360.group\/software-factory\/en\/wp-json\/wp\/v2\/comments?post=45"}],"version-history":[{"count":48,"href":"https:\/\/dt360.group\/software-factory\/en\/wp-json\/wp\/v2\/pages\/45\/revisions"}],"predecessor-version":[{"id":1698,"href":"https:\/\/dt360.group\/software-factory\/en\/wp-json\/wp\/v2\/pages\/45\/revisions\/1698"}],"up":[{"embeddable":true,"href":"https:\/\/dt360.group\/software-factory\/en\/wp-json\/wp\/v2\/pages\/95"}],"wp:featuredmedia":[{"embeddable":true,"href":"https:\/\/dt360.group\/software-factory\/en\/wp-json\/wp\/v2\/media\/10"}],"wp:attachment":[{"href":"https:\/\/dt360.group\/software-factory\/en\/wp-json\/wp\/v2\/media?parent=45"}],"curies":[{"name":"wp","href":"https:\/\/api.w.org\/{rel}","templated":true}]}}